{"id":247,"date":"2026-01-27T06:03:36","date_gmt":"2026-01-27T06:03:36","guid":{"rendered":"https:\/\/lightriseinstallations.es\/inicio\/"},"modified":"2026-04-16T06:52:33","modified_gmt":"2026-04-16T06:52:33","slug":"inicio","status":"publish","type":"page","link":"https:\/\/lightriseinstallations.es\/en\/","title":{"rendered":"Home"},"content":{"rendered":"<div class=\"fusion-fullwidth fullwidth-box fusion-builder-row-1 fusion-flex-container has-pattern-background has-mask-background fusion-parallax-none nonhundred-percent-fullwidth non-hundred-percent-height-scrolling\" style=\"--awb-border-radius-top-left:0px;--awb-border-radius-top-right:0px;--awb-border-radius-bottom-right:0px;--awb-border-radius-bottom-left:0px;--awb-padding-top:0px;--awb-padding-right:0px;--awb-padding-bottom:0px;--awb-padding-left:0px;--awb-margin-top:0px;--awb-margin-bottom:0px;--awb-min-height:95vh;--awb-background-image:linear-gradient(180deg, rgba(164,149,144,0.2) 0%,rgba(164,149,144,0.2) 100%),url(http:\/\/lightriseinstallations.es\/wp-content\/uploads\/2026\/01\/Imagen-Web-Principal-LightRise-scaled.jpg);;--awb-background-size:cover;--awb-flex-wrap:wrap;\" ><div class=\"fusion-builder-row fusion-row fusion-flex-align-items-flex-start fusion-flex-content-wrap\" style=\"max-width:1352px;margin-left: calc(-4% \/ 2 );margin-right: calc(-4% \/ 2 );\"><div class=\"fusion-layout-column fusion_builder_column fusion-builder-column-0 fusion_builder_column_1_1 1_1 fusion-flex-column fusion-flex-align-self-center\" style=\"--awb-bg-size:cover;--awb-width-large:100%;--awb-margin-top-large:0px;--awb-spacing-right-large:1.92%;--awb-margin-bottom-large:0px;--awb-spacing-left-large:1.92%;--awb-width-medium:100%;--awb-order-medium:0;--awb-spacing-right-medium:1.92%;--awb-spacing-left-medium:1.92%;--awb-width-small:100%;--awb-order-small:0;--awb-spacing-right-small:1.92%;--awb-spacing-left-small:1.92%;\" data-scroll-devices=\"small-visibility,medium-visibility,large-visibility\"><div class=\"fusion-column-wrapper fusion-column-has-shadow fusion-flex-justify-content-center fusion-content-layout-column\"><div class=\"fusion-image-element \" style=\"text-align:center;--awb-max-width:200px;--awb-caption-title-font-family:var(--h2_typography-font-family);--awb-caption-title-font-weight:var(--h2_typography-font-weight);--awb-caption-title-font-style:var(--h2_typography-font-style);--awb-caption-title-size:var(--h2_typography-font-size);--awb-caption-title-transform:var(--h2_typography-text-transform);--awb-caption-title-line-height:var(--h2_typography-line-height);--awb-caption-title-letter-spacing:var(--h2_typography-letter-spacing);\"><span class=\" fusion-imageframe imageframe-none imageframe-1 hover-type-none imghome fusion-animated\" data-animationType=\"zoomIn\" data-animationDuration=\"4.1\" data-animationOffset=\"top-into-view\"><img decoding=\"async\" width=\"272\" height=\"231\" title=\"LightRise logo blanco\" src=\"https:\/\/lightriseinstallations.es\/wp-content\/uploads\/2026\/01\/LightRise-logo-blanco-e1769494757824.png\" alt class=\"img-responsive wp-image-26\" srcset=\"https:\/\/lightriseinstallations.es\/wp-content\/uploads\/2026\/01\/LightRise-logo-blanco-e1769494757824-200x170.png 200w, https:\/\/lightriseinstallations.es\/wp-content\/uploads\/2026\/01\/LightRise-logo-blanco-e1769494757824.png 272w\" sizes=\"(max-width: 640px) 100vw, 272px\" \/><\/span><\/div><\/div><\/div><\/div><\/div>\n","protected":false},"excerpt":{"rendered":"","protected":false},"author":1,"featured_media":0,"parent":0,"menu_order":0,"comment_status":"closed","ping_status":"closed","template":"100-width.php","meta":{"_acf_changed":false,"footnotes":""},"class_list":["post-247","page","type-page","status-publish","hentry"],"acf":[],"yoast_head":"<!-- This site is optimized with the Yoast SEO plugin v27.4 - https:\/\/yoast.com\/product\/yoast-seo-wordpress\/ -->\n<title>Home - LightRise Installations | Iluminaci\u00f3n, Dom\u00f3tica y Sonido<\/title>\n<meta name=\"robots\" content=\"index, follow, max-snippet:-1, max-image-preview:large, max-video-preview:-1\" \/>\n<link rel=\"canonical\" href=\"https:\/\/lightriseinstallations.es\/\" \/>\n<meta property=\"og:locale\" content=\"en_US\" \/>\n<meta property=\"og:type\" content=\"article\" \/>\n<meta property=\"og:title\" content=\"Home - LightRise Installations | Iluminaci\u00f3n, Dom\u00f3tica y Sonido\" \/>\n<meta property=\"og:url\" content=\"https:\/\/lightriseinstallations.es\/\" \/>\n<meta property=\"og:site_name\" content=\"LightRise Installations | Iluminaci\u00f3n, Dom\u00f3tica y Sonido\" \/>\n<meta property=\"article:modified_time\" content=\"2026-04-16T06:52:33+00:00\" \/>\n<meta name=\"twitter:card\" content=\"summary_large_image\" \/>\n<meta name=\"twitter:label1\" content=\"Est. reading time\" \/>\n\t<meta name=\"twitter:data1\" content=\"3 minutes\" \/>\n<script type=\"application\/ld+json\" class=\"yoast-schema-graph\">{\"@context\":\"https:\\\/\\\/schema.org\",\"@graph\":[{\"@type\":\"WebPage\",\"@id\":\"https:\\\/\\\/lightriseinstallations.es\\\/\",\"url\":\"https:\\\/\\\/lightriseinstallations.es\\\/\",\"name\":\"Home - LightRise Installations | Iluminaci\u00f3n, Dom\u00f3tica y Sonido\",\"isPartOf\":{\"@id\":\"https:\\\/\\\/lightriseinstallations.es\\\/#website\"},\"datePublished\":\"2026-01-27T06:03:36+00:00\",\"dateModified\":\"2026-04-16T06:52:33+00:00\",\"breadcrumb\":{\"@id\":\"https:\\\/\\\/lightriseinstallations.es\\\/#breadcrumb\"},\"inLanguage\":\"en-US\",\"potentialAction\":[{\"@type\":\"ReadAction\",\"target\":[\"https:\\\/\\\/lightriseinstallations.es\\\/\"]}]},{\"@type\":\"BreadcrumbList\",\"@id\":\"https:\\\/\\\/lightriseinstallations.es\\\/#breadcrumb\",\"itemListElement\":[{\"@type\":\"ListItem\",\"position\":1,\"name\":\"Portada\",\"item\":\"https:\\\/\\\/lightriseinstallations.es\\\/\"},{\"@type\":\"ListItem\",\"position\":2,\"name\":\"Home\"}]},{\"@type\":\"WebSite\",\"@id\":\"https:\\\/\\\/lightriseinstallations.es\\\/#website\",\"url\":\"https:\\\/\\\/lightriseinstallations.es\\\/\",\"name\":\"LightRise Installations | Iluminaci\u00f3n, Dom\u00f3tica y Sonido\",\"description\":\"Especialistas en instalaci\u00f3n de iluminaci\u00f3n profesional, dom\u00f3tica KNX y sistemas de sonido para viviendas, hoteles, comercios y proyectos arquitect\u00f3nicos.\",\"potentialAction\":[{\"@type\":\"SearchAction\",\"target\":{\"@type\":\"EntryPoint\",\"urlTemplate\":\"https:\\\/\\\/lightriseinstallations.es\\\/?s={search_term_string}\"},\"query-input\":{\"@type\":\"PropertyValueSpecification\",\"valueRequired\":true,\"valueName\":\"search_term_string\"}}],\"inLanguage\":\"en-US\"}]}<\/script>\n<!-- \/ Yoast SEO plugin. -->","yoast_head_json":{"title":"Home - LightRise Installations | Iluminaci\u00f3n, Dom\u00f3tica y Sonido","robots":{"index":"index","follow":"follow","max-snippet":"max-snippet:-1","max-image-preview":"max-image-preview:large","max-video-preview":"max-video-preview:-1"},"canonical":"https:\/\/lightriseinstallations.es\/","og_locale":"en_US","og_type":"article","og_title":"Home - LightRise Installations | Iluminaci\u00f3n, Dom\u00f3tica y Sonido","og_url":"https:\/\/lightriseinstallations.es\/","og_site_name":"LightRise Installations | Iluminaci\u00f3n, Dom\u00f3tica y Sonido","article_modified_time":"2026-04-16T06:52:33+00:00","twitter_card":"summary_large_image","twitter_misc":{"Est. reading time":"3 minutes"},"schema":{"@context":"https:\/\/schema.org","@graph":[{"@type":"WebPage","@id":"https:\/\/lightriseinstallations.es\/","url":"https:\/\/lightriseinstallations.es\/","name":"Home - LightRise Installations | Iluminaci\u00f3n, Dom\u00f3tica y Sonido","isPartOf":{"@id":"https:\/\/lightriseinstallations.es\/#website"},"datePublished":"2026-01-27T06:03:36+00:00","dateModified":"2026-04-16T06:52:33+00:00","breadcrumb":{"@id":"https:\/\/lightriseinstallations.es\/#breadcrumb"},"inLanguage":"en-US","potentialAction":[{"@type":"ReadAction","target":["https:\/\/lightriseinstallations.es\/"]}]},{"@type":"BreadcrumbList","@id":"https:\/\/lightriseinstallations.es\/#breadcrumb","itemListElement":[{"@type":"ListItem","position":1,"name":"Portada","item":"https:\/\/lightriseinstallations.es\/"},{"@type":"ListItem","position":2,"name":"Home"}]},{"@type":"WebSite","@id":"https:\/\/lightriseinstallations.es\/#website","url":"https:\/\/lightriseinstallations.es\/","name":"LightRise Installations | Iluminaci\u00f3n, Dom\u00f3tica y Sonido","description":"Especialistas en instalaci\u00f3n de iluminaci\u00f3n profesional, dom\u00f3tica KNX y sistemas de sonido para viviendas, hoteles, comercios y proyectos arquitect\u00f3nicos.","potentialAction":[{"@type":"SearchAction","target":{"@type":"EntryPoint","urlTemplate":"https:\/\/lightriseinstallations.es\/?s={search_term_string}"},"query-input":{"@type":"PropertyValueSpecification","valueRequired":true,"valueName":"search_term_string"}}],"inLanguage":"en-US"}]}},"_hostinger_reach_plugin_has_subscription_block":false,"_hostinger_reach_plugin_is_elementor":false,"_links":{"self":[{"href":"https:\/\/lightriseinstallations.es\/en\/wp-json\/wp\/v2\/pages\/247","targetHints":{"allow":["GET"]}}],"collection":[{"href":"https:\/\/lightriseinstallations.es\/en\/wp-json\/wp\/v2\/pages"}],"about":[{"href":"https:\/\/lightriseinstallations.es\/en\/wp-json\/wp\/v2\/types\/page"}],"author":[{"embeddable":true,"href":"https:\/\/lightriseinstallations.es\/en\/wp-json\/wp\/v2\/users\/1"}],"replies":[{"embeddable":true,"href":"https:\/\/lightriseinstallations.es\/en\/wp-json\/wp\/v2\/comments?post=247"}],"version-history":[{"count":5,"href":"https:\/\/lightriseinstallations.es\/en\/wp-json\/wp\/v2\/pages\/247\/revisions"}],"predecessor-version":[{"id":451,"href":"https:\/\/lightriseinstallations.es\/en\/wp-json\/wp\/v2\/pages\/247\/revisions\/451"}],"wp:attachment":[{"href":"https:\/\/lightriseinstallations.es\/en\/wp-json\/wp\/v2\/media?parent=247"}],"curies":[{"name":"wp","href":"https:\/\/api.w.org\/{rel}","templated":true}]}}