{"id":246,"date":"2026-01-27T06:03:47","date_gmt":"2026-01-27T06:03:47","guid":{"rendered":"https:\/\/lightriseinstallations.es\/nosotros\/"},"modified":"2026-02-10T06:12:40","modified_gmt":"2026-02-10T06:12:40","slug":"nosotros","status":"publish","type":"page","link":"https:\/\/lightriseinstallations.es\/en\/nosotros\/","title":{"rendered":"About Us"},"content":{"rendered":"<p><div class=\"fusion-fullwidth fullwidth-box fusion-builder-row-1 fusion-flex-container has-pattern-background has-mask-background nonhundred-percent-fullwidth non-hundred-percent-height-scrolling\" style=\"--awb-border-radius-top-left:0px;--awb-border-radius-top-right:0px;--awb-border-radius-bottom-right:0px;--awb-border-radius-bottom-left:0px;--awb-flex-wrap:wrap;\" ><div class=\"fusion-builder-row fusion-row fusion-flex-align-items-flex-start fusion-flex-content-wrap\" style=\"max-width:1352px;margin-left: calc(-4% \/ 2 );margin-right: calc(-4% \/ 2 );\"><div class=\"fusion-layout-column fusion_builder_column fusion-builder-column-0 fusion_builder_column_1_1 1_1 fusion-flex-column\" style=\"--awb-bg-size:cover;--awb-width-large:100%;--awb-margin-top-large:0px;--awb-spacing-right-large:1.92%;--awb-margin-bottom-large:20px;--awb-spacing-left-large:1.92%;--awb-width-medium:100%;--awb-order-medium:0;--awb-spacing-right-medium:1.92%;--awb-spacing-left-medium:1.92%;--awb-width-small:100%;--awb-order-small:0;--awb-spacing-right-small:1.92%;--awb-spacing-left-small:1.92%;\"><div class=\"fusion-column-wrapper fusion-column-has-shadow fusion-flex-justify-content-flex-start fusion-content-layout-column\"><div class=\"fusion-title title fusion-title-1 fusion-sep-none fusion-title-text fusion-title-size-one\" style=\"--awb-text-color:var(--awb-color5);\"><h1 class=\"fusion-title-heading title-heading-left\" style=\"margin:0;\"><strong>About Us<\/strong><\/h1><\/div><\/div><\/div><\/div><\/div><div class=\"fusion-fullwidth fullwidth-box fusion-builder-row-2 fusion-flex-container has-pattern-background has-mask-background nonhundred-percent-fullwidth non-hundred-percent-height-scrolling\" style=\"--awb-border-radius-top-left:0px;--awb-border-radius-top-right:0px;--awb-border-radius-bottom-right:0px;--awb-border-radius-bottom-left:0px;--awb-flex-wrap:wrap;\" ><div class=\"fusion-builder-row fusion-row fusion-flex-align-items-flex-start fusion-flex-content-wrap\" style=\"max-width:1352px;margin-left: calc(-4% \/ 2 );margin-right: calc(-4% \/ 2 );\"><div class=\"fusion-layout-column fusion_builder_column fusion-builder-column-1 fusion_builder_column_1_2 1_2 fusion-flex-column\" style=\"--awb-bg-size:cover;--awb-width-large:50%;--awb-margin-top-large:0px;--awb-spacing-right-large:3.84%;--awb-margin-bottom-large:20px;--awb-spacing-left-large:3.84%;--awb-width-medium:50%;--awb-order-medium:0;--awb-spacing-right-medium:3.84%;--awb-spacing-left-medium:3.84%;--awb-width-small:100%;--awb-order-small:0;--awb-spacing-right-small:1.92%;--awb-spacing-left-small:1.92%;\"><div class=\"fusion-column-wrapper fusion-column-has-shadow fusion-flex-justify-content-flex-start fusion-content-layout-column\"><div class=\"fusion-image-element \" style=\"--awb-caption-title-font-family:var(--h2_typography-font-family);--awb-caption-title-font-weight:var(--h2_typography-font-weight);--awb-caption-title-font-style:var(--h2_typography-font-style);--awb-caption-title-size:var(--h2_typography-font-size);--awb-caption-title-transform:var(--h2_typography-text-transform);--awb-caption-title-line-height:var(--h2_typography-line-height);--awb-caption-title-letter-spacing:var(--h2_typography-letter-spacing);\"><span class=\" fusion-imageframe imageframe-none imageframe-1 hover-type-none\"><img decoding=\"async\" width=\"2560\" height=\"1707\" title=\"Imagen primera pag nosotros, serv,proy.\" src=\"https:\/\/lightriseinstallations.es\/wp-content\/uploads\/2026\/01\/Imagen-primera-pag-nosotros-servproy-scaled.jpg\" alt class=\"img-responsive wp-image-11\" srcset=\"https:\/\/lightriseinstallations.es\/wp-content\/uploads\/2026\/01\/Imagen-primera-pag-nosotros-servproy-200x133.jpg 200w, https:\/\/lightriseinstallations.es\/wp-content\/uploads\/2026\/01\/Imagen-primera-pag-nosotros-servproy-400x267.jpg 400w, https:\/\/lightriseinstallations.es\/wp-content\/uploads\/2026\/01\/Imagen-primera-pag-nosotros-servproy-600x400.jpg 600w, https:\/\/lightriseinstallations.es\/wp-content\/uploads\/2026\/01\/Imagen-primera-pag-nosotros-servproy-800x533.jpg 800w, https:\/\/lightriseinstallations.es\/wp-content\/uploads\/2026\/01\/Imagen-primera-pag-nosotros-servproy-1200x800.jpg 1200w, https:\/\/lightriseinstallations.es\/wp-content\/uploads\/2026\/01\/Imagen-primera-pag-nosotros-servproy-scaled.jpg 2560w\" sizes=\"(max-width: 640px) 100vw, 800px\" \/><\/span><\/div><\/div><\/div><div class=\"fusion-layout-column fusion_builder_column fusion-builder-column-2 fusion_builder_column_1_2 1_2 fusion-flex-column\" style=\"--awb-bg-size:cover;--awb-width-large:50%;--awb-margin-top-large:0px;--awb-spacing-right-large:3.264%;--awb-margin-bottom-large:20px;--awb-spacing-left-large:3.84%;--awb-width-medium:50%;--awb-order-medium:0;--awb-spacing-right-medium:3.264%;--awb-spacing-left-medium:3.84%;--awb-width-small:100%;--awb-order-small:0;--awb-spacing-right-small:1.92%;--awb-spacing-left-small:1.92%;\"><div class=\"fusion-column-wrapper fusion-column-has-shadow fusion-flex-justify-content-flex-start fusion-content-layout-column\"><div class=\"fusion-text fusion-text-1\"><p class=\"_28USrA GEC0sA XN6uKA _4N4NA\"><span style=\"background-color: rgba(0, 0, 0, 0);\">We transform villas into unique technological experiences.<\/span> <b style=\"background-color: rgba(0, 0, 0, 0);\">We design, install, and guarantee lighting systems,<\/b> <span style=\"background-color: rgba(0, 0, 0, 0);\"><b style=\"background-color: rgba(0, 0, 0, 0);\">sound, and home automation<\/b> <span style=\"background-color: rgba(0, 0, 0, 0);\">that elevate each project to a premium level.<\/span><\/span><\/p>\n<p class=\"_28USrA GEC0sA XN6uKA\"><span class=\"a_GcMg\">We have<\/span> <strong><span class=\"a_GcMg\">extensive experience in<\/span> <span class=\"a_GcMg\">exclusive projects<\/span><\/strong><span class=\"a_GcMg\">, collaborating with architects, interior designers, and developers to create environments where technology, lighting, and design are integrated with precision and excellence.<\/span><\/p>\n<div class=\"_28USrA GEC0sA XN6uKA\"><\/div>\n<\/div><div ><a class=\"fusion-button button-flat fusion-button-default-size button-default fusion-button-default button-1 fusion-button-default-span fusion-button-default-type\" style=\"--button_margin-top:20px;\" target=\"_self\" href=\"https:\/\/lightriseinstallations.es\/en\/propuesta\/\"><span class=\"fusion-button-text awb-button__text awb-button__text--default\">Request a Quote<\/span><\/a><\/div><\/div><\/div><\/div><\/div><\/p>\n","protected":false},"excerpt":{"rendered":"","protected":false},"author":1,"featured_media":0,"parent":0,"menu_order":0,"comment_status":"closed","ping_status":"closed","template":"100-width.php","meta":{"_acf_changed":false,"footnotes":""},"class_list":["post-246","page","type-page","status-publish","hentry"],"acf":[],"yoast_head":"<!-- This site is optimized with the Yoast SEO plugin v27.4 - https:\/\/yoast.com\/product\/yoast-seo-wordpress\/ -->\n<title>About Us - LightRise Installations | Iluminaci\u00f3n, Dom\u00f3tica y Sonido<\/title>\n<meta name=\"robots\" content=\"index, follow, max-snippet:-1, max-image-preview:large, max-video-preview:-1\" \/>\n<link rel=\"canonical\" href=\"https:\/\/lightriseinstallations.es\/en\/nosotros\/\" \/>\n<meta property=\"og:locale\" content=\"en_US\" \/>\n<meta property=\"og:type\" content=\"article\" \/>\n<meta property=\"og:title\" content=\"About Us - LightRise Installations | Iluminaci\u00f3n, Dom\u00f3tica y Sonido\" \/>\n<meta property=\"og:url\" content=\"https:\/\/lightriseinstallations.es\/en\/nosotros\/\" \/>\n<meta property=\"og:site_name\" content=\"LightRise Installations | Iluminaci\u00f3n, Dom\u00f3tica y Sonido\" \/>\n<meta property=\"article:modified_time\" content=\"2026-02-10T06:12:40+00:00\" \/>\n<meta name=\"twitter:card\" content=\"summary_large_image\" \/>\n<meta name=\"twitter:label1\" content=\"Est. reading time\" \/>\n\t<meta name=\"twitter:data1\" content=\"9 minutes\" \/>\n<script type=\"application\/ld+json\" class=\"yoast-schema-graph\">{\"@context\":\"https:\\\/\\\/schema.org\",\"@graph\":[{\"@type\":\"WebPage\",\"@id\":\"https:\\\/\\\/lightriseinstallations.es\\\/en\\\/nosotros\\\/\",\"url\":\"https:\\\/\\\/lightriseinstallations.es\\\/en\\\/nosotros\\\/\",\"name\":\"About Us - LightRise Installations | Iluminaci\u00f3n, Dom\u00f3tica y Sonido\",\"isPartOf\":{\"@id\":\"https:\\\/\\\/lightriseinstallations.es\\\/#website\"},\"datePublished\":\"2026-01-27T06:03:47+00:00\",\"dateModified\":\"2026-02-10T06:12:40+00:00\",\"breadcrumb\":{\"@id\":\"https:\\\/\\\/lightriseinstallations.es\\\/en\\\/nosotros\\\/#breadcrumb\"},\"inLanguage\":\"en-US\",\"potentialAction\":[{\"@type\":\"ReadAction\",\"target\":[\"https:\\\/\\\/lightriseinstallations.es\\\/en\\\/nosotros\\\/\"]}]},{\"@type\":\"BreadcrumbList\",\"@id\":\"https:\\\/\\\/lightriseinstallations.es\\\/en\\\/nosotros\\\/#breadcrumb\",\"itemListElement\":[{\"@type\":\"ListItem\",\"position\":1,\"name\":\"Portada\",\"item\":\"https:\\\/\\\/lightriseinstallations.es\\\/\"},{\"@type\":\"ListItem\",\"position\":2,\"name\":\"About Us\"}]},{\"@type\":\"WebSite\",\"@id\":\"https:\\\/\\\/lightriseinstallations.es\\\/#website\",\"url\":\"https:\\\/\\\/lightriseinstallations.es\\\/\",\"name\":\"LightRise Installations | Iluminaci\u00f3n, Dom\u00f3tica y Sonido\",\"description\":\"Especialistas en instalaci\u00f3n de iluminaci\u00f3n profesional, dom\u00f3tica KNX y sistemas de sonido para viviendas, hoteles, comercios y proyectos arquitect\u00f3nicos.\",\"potentialAction\":[{\"@type\":\"SearchAction\",\"target\":{\"@type\":\"EntryPoint\",\"urlTemplate\":\"https:\\\/\\\/lightriseinstallations.es\\\/?s={search_term_string}\"},\"query-input\":{\"@type\":\"PropertyValueSpecification\",\"valueRequired\":true,\"valueName\":\"search_term_string\"}}],\"inLanguage\":\"en-US\"}]}<\/script>\n<!-- \/ Yoast SEO plugin. -->","yoast_head_json":{"title":"About Us - LightRise Installations | Iluminaci\u00f3n, Dom\u00f3tica y Sonido","robots":{"index":"index","follow":"follow","max-snippet":"max-snippet:-1","max-image-preview":"max-image-preview:large","max-video-preview":"max-video-preview:-1"},"canonical":"https:\/\/lightriseinstallations.es\/en\/nosotros\/","og_locale":"en_US","og_type":"article","og_title":"About Us - LightRise Installations | Iluminaci\u00f3n, Dom\u00f3tica y Sonido","og_url":"https:\/\/lightriseinstallations.es\/en\/nosotros\/","og_site_name":"LightRise Installations | Iluminaci\u00f3n, Dom\u00f3tica y Sonido","article_modified_time":"2026-02-10T06:12:40+00:00","twitter_card":"summary_large_image","twitter_misc":{"Est. reading time":"9 minutes"},"schema":{"@context":"https:\/\/schema.org","@graph":[{"@type":"WebPage","@id":"https:\/\/lightriseinstallations.es\/en\/nosotros\/","url":"https:\/\/lightriseinstallations.es\/en\/nosotros\/","name":"About Us - LightRise Installations | Iluminaci\u00f3n, Dom\u00f3tica y Sonido","isPartOf":{"@id":"https:\/\/lightriseinstallations.es\/#website"},"datePublished":"2026-01-27T06:03:47+00:00","dateModified":"2026-02-10T06:12:40+00:00","breadcrumb":{"@id":"https:\/\/lightriseinstallations.es\/en\/nosotros\/#breadcrumb"},"inLanguage":"en-US","potentialAction":[{"@type":"ReadAction","target":["https:\/\/lightriseinstallations.es\/en\/nosotros\/"]}]},{"@type":"BreadcrumbList","@id":"https:\/\/lightriseinstallations.es\/en\/nosotros\/#breadcrumb","itemListElement":[{"@type":"ListItem","position":1,"name":"Portada","item":"https:\/\/lightriseinstallations.es\/"},{"@type":"ListItem","position":2,"name":"About Us"}]},{"@type":"WebSite","@id":"https:\/\/lightriseinstallations.es\/#website","url":"https:\/\/lightriseinstallations.es\/","name":"LightRise Installations | Iluminaci\u00f3n, Dom\u00f3tica y Sonido","description":"Especialistas en instalaci\u00f3n de iluminaci\u00f3n profesional, dom\u00f3tica KNX y sistemas de sonido para viviendas, hoteles, comercios y proyectos arquitect\u00f3nicos.","potentialAction":[{"@type":"SearchAction","target":{"@type":"EntryPoint","urlTemplate":"https:\/\/lightriseinstallations.es\/?s={search_term_string}"},"query-input":{"@type":"PropertyValueSpecification","valueRequired":true,"valueName":"search_term_string"}}],"inLanguage":"en-US"}]}},"_hostinger_reach_plugin_has_subscription_block":false,"_hostinger_reach_plugin_is_elementor":false,"_links":{"self":[{"href":"https:\/\/lightriseinstallations.es\/en\/wp-json\/wp\/v2\/pages\/246","targetHints":{"allow":["GET"]}}],"collection":[{"href":"https:\/\/lightriseinstallations.es\/en\/wp-json\/wp\/v2\/pages"}],"about":[{"href":"https:\/\/lightriseinstallations.es\/en\/wp-json\/wp\/v2\/types\/page"}],"author":[{"embeddable":true,"href":"https:\/\/lightriseinstallations.es\/en\/wp-json\/wp\/v2\/users\/1"}],"replies":[{"embeddable":true,"href":"https:\/\/lightriseinstallations.es\/en\/wp-json\/wp\/v2\/comments?post=246"}],"version-history":[{"count":4,"href":"https:\/\/lightriseinstallations.es\/en\/wp-json\/wp\/v2\/pages\/246\/revisions"}],"predecessor-version":[{"id":360,"href":"https:\/\/lightriseinstallations.es\/en\/wp-json\/wp\/v2\/pages\/246\/revisions\/360"}],"wp:attachment":[{"href":"https:\/\/lightriseinstallations.es\/en\/wp-json\/wp\/v2\/media?parent=246"}],"curies":[{"name":"wp","href":"https:\/\/api.w.org\/{rel}","templated":true}]}}