{"id":245,"date":"2026-01-27T06:03:57","date_gmt":"2026-01-27T06:03:57","guid":{"rendered":"https:\/\/lightriseinstallations.es\/servicios\/"},"modified":"2026-02-11T09:40:57","modified_gmt":"2026-02-11T09:40:57","slug":"servicios","status":"publish","type":"page","link":"https:\/\/lightriseinstallations.es\/en\/servicios\/","title":{"rendered":"Services"},"content":{"rendered":"<p><div class=\"fusion-fullwidth fullwidth-box fusion-builder-row-1 fusion-flex-container has-pattern-background has-mask-background nonhundred-percent-fullwidth non-hundred-percent-height-scrolling\" style=\"--awb-border-radius-top-left:0px;--awb-border-radius-top-right:0px;--awb-border-radius-bottom-right:0px;--awb-border-radius-bottom-left:0px;--awb-padding-top:20px;--awb-background-color:var(--awb-color5);--awb-flex-wrap:wrap;\" ><div class=\"fusion-builder-row fusion-row fusion-flex-align-items-flex-start fusion-flex-content-wrap\" style=\"max-width:1352px;margin-left: calc(-4% \/ 2 );margin-right: calc(-4% \/ 2 );\"><div class=\"fusion-layout-column fusion_builder_column fusion-builder-column-0 fusion_builder_column_1_1 1_1 fusion-flex-column\" style=\"--awb-bg-size:cover;--awb-width-large:100%;--awb-margin-top-large:0px;--awb-spacing-right-large:1.92%;--awb-margin-bottom-large:20px;--awb-spacing-left-large:1.92%;--awb-width-medium:100%;--awb-order-medium:0;--awb-spacing-right-medium:1.92%;--awb-spacing-left-medium:1.92%;--awb-width-small:100%;--awb-order-small:0;--awb-spacing-right-small:1.92%;--awb-spacing-left-small:1.92%;\"><div class=\"fusion-column-wrapper fusion-column-has-shadow fusion-flex-justify-content-flex-start fusion-content-layout-column\"><div class=\"fusion-title title fusion-title-1 fusion-sep-none fusion-title-text fusion-title-size-one\" style=\"--awb-text-color:var(--awb-color1);\"><h1 class=\"fusion-title-heading title-heading-left\" style=\"margin:0;\"><strong>Services<\/strong><\/h1><\/div><\/div><\/div><\/div><\/div><div class=\"fusion-fullwidth fullwidth-box fusion-builder-row-2 fusion-flex-container has-pattern-background has-mask-background nonhundred-percent-fullwidth non-hundred-percent-height-scrolling\" style=\"--awb-border-radius-top-left:0px;--awb-border-radius-top-right:0px;--awb-border-radius-bottom-right:0px;--awb-border-radius-bottom-left:0px;--awb-padding-bottom:50px;--awb-background-color:var(--awb-color5);--awb-flex-wrap:wrap;\" ><div class=\"fusion-builder-row fusion-row fusion-flex-align-items-stretch fusion-flex-content-wrap\" style=\"max-width:1326px;margin-left: calc(-2% \/ 2 );margin-right: calc(-2% \/ 2 );\"><div class=\"fusion-layout-column fusion_builder_column fusion-builder-column-1 fusion_builder_column_1_3 1_3 fusion-flex-column\" style=\"--awb-padding-top:20px;--awb-padding-bottom:10px;--awb-padding-left:0px;--awb-bg-color:var(--awb-color6);--awb-bg-color-hover:var(--awb-color6);--awb-bg-size:cover;--awb-width-large:33.333333333333%;--awb-margin-top-large:0px;--awb-spacing-right-large:2.94%;--awb-margin-bottom-large:20px;--awb-spacing-left-large:2.94%;--awb-width-medium:33.333333333333%;--awb-order-medium:0;--awb-spacing-right-medium:2.94%;--awb-spacing-left-medium:2.94%;--awb-width-small:100%;--awb-order-small:0;--awb-spacing-right-small:0.98%;--awb-spacing-left-small:0.98%;\" data-scroll-devices=\"small-visibility,medium-visibility,large-visibility\"><div class=\"fusion-column-wrapper fusion-column-has-shadow fusion-flex-justify-content-flex-start fusion-content-layout-column\"><div class=\"fusion-title title fusion-title-2 fusion-sep-none fusion-title-text fusion-title-size-three\" style=\"--awb-text-color:var(--awb-color8);--awb-margin-right:20px;--awb-margin-left:20px;\"><h3 class=\"fusion-title-heading title-heading-left\" style=\"margin:0;\"><div><span style=\"font-size: 1em; letter-spacing: -0.54px;\">Installation<\/span><\/div><\/h3><\/div><div class=\"fusion-separator fusion-full-width-sep\" style=\"align-self: center;margin-left: auto;margin-right: auto;margin-top:60px;margin-bottom:20px;width:100%;max-width:100%;\"><div class=\"fusion-separator-border sep-single sep-solid\" style=\"--awb-height:20px;--awb-amount:20px;--awb-sep-color:var(--awb-color4);border-color:var(--awb-color4);border-top-width:2px;\"><\/div><\/div><div class=\"fusion-text fusion-text-1\" style=\"--awb-margin-right:20px;--awb-margin-left:20px;\"><p><strong>Premium electrical installation services <\/strong>specializing in lighting homes, hotels, commercial premises and professional spaces.<\/p>\n<p>Installation of sound and home automation systems, turnkey execution and coordination with other trades, including certifications and approvals.<\/p>\n<\/div><\/div><\/div><div class=\"fusion-layout-column fusion_builder_column fusion-builder-column-2 fusion_builder_column_1_3 1_3 fusion-flex-column\" style=\"--awb-padding-top:20px;--awb-padding-bottom:10px;--awb-padding-left:0px;--awb-bg-color:var(--awb-color6);--awb-bg-color-hover:var(--awb-color6);--awb-bg-size:cover;--awb-width-large:33.333333333333%;--awb-margin-top-large:0px;--awb-spacing-right-large:2.94%;--awb-margin-bottom-large:20px;--awb-spacing-left-large:2.94%;--awb-width-medium:33.333333333333%;--awb-order-medium:0;--awb-spacing-right-medium:2.94%;--awb-spacing-left-medium:2.94%;--awb-width-small:100%;--awb-order-small:0;--awb-spacing-right-small:0.98%;--awb-spacing-left-small:0.98%;\" data-scroll-devices=\"small-visibility,medium-visibility,large-visibility\"><div class=\"fusion-column-wrapper fusion-column-has-shadow fusion-flex-justify-content-flex-start fusion-content-layout-column\"><div class=\"fusion-title title fusion-title-3 fusion-sep-none fusion-title-text fusion-title-size-three\" style=\"--awb-text-color:var(--awb-color8);--awb-margin-right:20px;--awb-margin-left:20px;\"><h3 class=\"fusion-title-heading title-heading-left\" style=\"margin:0;\">Sound<\/h3><\/div><div class=\"fusion-separator fusion-full-width-sep\" style=\"align-self: center;margin-left: auto;margin-right: auto;margin-top:60px;margin-bottom:20px;width:100%;max-width:100%;\"><div class=\"fusion-separator-border sep-single sep-solid\" style=\"--awb-height:20px;--awb-amount:20px;--awb-sep-color:var(--awb-color4);border-color:var(--awb-color4);border-top-width:2px;\"><\/div><\/div><div class=\"fusion-text fusion-text-2\" style=\"--awb-margin-right:20px;--awb-margin-left:20px;\"><p>We install <strong>audio systems, multi-room, indoor and outdoor audio, including cinemas<\/strong>, with advanced technology, intelligent control and a completely invisible or customized finish.<\/p>\n<p><b>After-sales<\/b>: training, preventive maintenance and technical support.<\/p>\n<\/div><\/div><\/div><div class=\"fusion-layout-column fusion_builder_column fusion-builder-column-3 fusion_builder_column_1_3 1_3 fusion-flex-column\" style=\"--awb-padding-top:20px;--awb-padding-bottom:10px;--awb-padding-left:0px;--awb-bg-color:var(--awb-color6);--awb-bg-color-hover:var(--awb-color6);--awb-bg-size:cover;--awb-width-large:33.333333333333%;--awb-margin-top-large:0px;--awb-spacing-right-large:2.94%;--awb-margin-bottom-large:20px;--awb-spacing-left-large:2.94%;--awb-width-medium:33.333333333333%;--awb-order-medium:0;--awb-spacing-right-medium:2.94%;--awb-spacing-left-medium:2.94%;--awb-width-small:100%;--awb-order-small:0;--awb-spacing-right-small:0.98%;--awb-spacing-left-small:0.98%;\" data-scroll-devices=\"small-visibility,medium-visibility,large-visibility\"><div class=\"fusion-column-wrapper fusion-column-has-shadow fusion-flex-justify-content-flex-start fusion-content-layout-column\"><div class=\"fusion-title title fusion-title-4 fusion-sep-none fusion-title-text fusion-title-size-three\" style=\"--awb-text-color:var(--awb-color8);--awb-margin-right:20px;--awb-margin-left:20px;\"><h3 class=\"fusion-title-heading title-heading-left\" style=\"margin:0;\">Home automation<\/h3><\/div><div class=\"fusion-separator fusion-full-width-sep\" style=\"align-self: center;margin-left: auto;margin-right: auto;margin-top:60px;margin-bottom:20px;width:100%;max-width:100%;\"><div class=\"fusion-separator-border sep-single sep-solid\" style=\"--awb-height:20px;--awb-amount:20px;--awb-sep-color:var(--awb-color4);border-color:var(--awb-color4);border-top-width:2px;\"><\/div><\/div><div class=\"fusion-text fusion-text-3\" style=\"--awb-margin-right:20px;--awb-margin-left:20px;\"><p>Lighting automation using intelligent systems such as <strong>Casambi, KNX, and Lutron<\/strong>. <\/p>\n<p>Commissioning and programming of lighting, sound, climate, alarms, curtains, and blinds, among others.<\/p>\n<p><b>After-sales<\/b>: Preventive maintenance and technical support.<\/p>\n<\/div><\/div><\/div><\/div><\/div><\/p>\n","protected":false},"excerpt":{"rendered":"","protected":false},"author":1,"featured_media":0,"parent":0,"menu_order":0,"comment_status":"closed","ping_status":"closed","template":"100-width.php","meta":{"_acf_changed":false,"footnotes":""},"class_list":["post-245","page","type-page","status-publish","hentry"],"acf":[],"yoast_head":"<!-- This site is optimized with the Yoast SEO plugin v27.4 - https:\/\/yoast.com\/product\/yoast-seo-wordpress\/ -->\n<title>Services - LightRise Installations | Iluminaci\u00f3n, Dom\u00f3tica y Sonido<\/title>\n<meta name=\"robots\" content=\"index, follow, max-snippet:-1, max-image-preview:large, max-video-preview:-1\" \/>\n<link rel=\"canonical\" href=\"https:\/\/lightriseinstallations.es\/en\/servicios\/\" \/>\n<meta property=\"og:locale\" content=\"en_US\" \/>\n<meta property=\"og:type\" content=\"article\" \/>\n<meta property=\"og:title\" content=\"Services - LightRise Installations | Iluminaci\u00f3n, Dom\u00f3tica y Sonido\" \/>\n<meta property=\"og:url\" content=\"https:\/\/lightriseinstallations.es\/en\/servicios\/\" \/>\n<meta property=\"og:site_name\" content=\"LightRise Installations | Iluminaci\u00f3n, Dom\u00f3tica y Sonido\" \/>\n<meta property=\"article:modified_time\" content=\"2026-02-11T09:40:57+00:00\" \/>\n<meta name=\"twitter:card\" content=\"summary_large_image\" \/>\n<meta name=\"twitter:label1\" content=\"Est. reading time\" \/>\n\t<meta name=\"twitter:data1\" content=\"13 minutes\" \/>\n<script type=\"application\/ld+json\" class=\"yoast-schema-graph\">{\"@context\":\"https:\\\/\\\/schema.org\",\"@graph\":[{\"@type\":\"WebPage\",\"@id\":\"https:\\\/\\\/lightriseinstallations.es\\\/en\\\/servicios\\\/\",\"url\":\"https:\\\/\\\/lightriseinstallations.es\\\/en\\\/servicios\\\/\",\"name\":\"Services - LightRise Installations | Iluminaci\u00f3n, Dom\u00f3tica y Sonido\",\"isPartOf\":{\"@id\":\"https:\\\/\\\/lightriseinstallations.es\\\/#website\"},\"datePublished\":\"2026-01-27T06:03:57+00:00\",\"dateModified\":\"2026-02-11T09:40:57+00:00\",\"breadcrumb\":{\"@id\":\"https:\\\/\\\/lightriseinstallations.es\\\/en\\\/servicios\\\/#breadcrumb\"},\"inLanguage\":\"en-US\",\"potentialAction\":[{\"@type\":\"ReadAction\",\"target\":[\"https:\\\/\\\/lightriseinstallations.es\\\/en\\\/servicios\\\/\"]}]},{\"@type\":\"BreadcrumbList\",\"@id\":\"https:\\\/\\\/lightriseinstallations.es\\\/en\\\/servicios\\\/#breadcrumb\",\"itemListElement\":[{\"@type\":\"ListItem\",\"position\":1,\"name\":\"Portada\",\"item\":\"https:\\\/\\\/lightriseinstallations.es\\\/\"},{\"@type\":\"ListItem\",\"position\":2,\"name\":\"Services\"}]},{\"@type\":\"WebSite\",\"@id\":\"https:\\\/\\\/lightriseinstallations.es\\\/#website\",\"url\":\"https:\\\/\\\/lightriseinstallations.es\\\/\",\"name\":\"LightRise Installations | Iluminaci\u00f3n, Dom\u00f3tica y Sonido\",\"description\":\"Especialistas en instalaci\u00f3n de iluminaci\u00f3n profesional, dom\u00f3tica KNX y sistemas de sonido para viviendas, hoteles, comercios y proyectos arquitect\u00f3nicos.\",\"potentialAction\":[{\"@type\":\"SearchAction\",\"target\":{\"@type\":\"EntryPoint\",\"urlTemplate\":\"https:\\\/\\\/lightriseinstallations.es\\\/?s={search_term_string}\"},\"query-input\":{\"@type\":\"PropertyValueSpecification\",\"valueRequired\":true,\"valueName\":\"search_term_string\"}}],\"inLanguage\":\"en-US\"}]}<\/script>\n<!-- \/ Yoast SEO plugin. -->","yoast_head_json":{"title":"Services - LightRise Installations | Iluminaci\u00f3n, Dom\u00f3tica y Sonido","robots":{"index":"index","follow":"follow","max-snippet":"max-snippet:-1","max-image-preview":"max-image-preview:large","max-video-preview":"max-video-preview:-1"},"canonical":"https:\/\/lightriseinstallations.es\/en\/servicios\/","og_locale":"en_US","og_type":"article","og_title":"Services - LightRise Installations | Iluminaci\u00f3n, Dom\u00f3tica y Sonido","og_url":"https:\/\/lightriseinstallations.es\/en\/servicios\/","og_site_name":"LightRise Installations | Iluminaci\u00f3n, Dom\u00f3tica y Sonido","article_modified_time":"2026-02-11T09:40:57+00:00","twitter_card":"summary_large_image","twitter_misc":{"Est. reading time":"13 minutes"},"schema":{"@context":"https:\/\/schema.org","@graph":[{"@type":"WebPage","@id":"https:\/\/lightriseinstallations.es\/en\/servicios\/","url":"https:\/\/lightriseinstallations.es\/en\/servicios\/","name":"Services - LightRise Installations | Iluminaci\u00f3n, Dom\u00f3tica y Sonido","isPartOf":{"@id":"https:\/\/lightriseinstallations.es\/#website"},"datePublished":"2026-01-27T06:03:57+00:00","dateModified":"2026-02-11T09:40:57+00:00","breadcrumb":{"@id":"https:\/\/lightriseinstallations.es\/en\/servicios\/#breadcrumb"},"inLanguage":"en-US","potentialAction":[{"@type":"ReadAction","target":["https:\/\/lightriseinstallations.es\/en\/servicios\/"]}]},{"@type":"BreadcrumbList","@id":"https:\/\/lightriseinstallations.es\/en\/servicios\/#breadcrumb","itemListElement":[{"@type":"ListItem","position":1,"name":"Portada","item":"https:\/\/lightriseinstallations.es\/"},{"@type":"ListItem","position":2,"name":"Services"}]},{"@type":"WebSite","@id":"https:\/\/lightriseinstallations.es\/#website","url":"https:\/\/lightriseinstallations.es\/","name":"LightRise Installations | Iluminaci\u00f3n, Dom\u00f3tica y Sonido","description":"Especialistas en instalaci\u00f3n de iluminaci\u00f3n profesional, dom\u00f3tica KNX y sistemas de sonido para viviendas, hoteles, comercios y proyectos arquitect\u00f3nicos.","potentialAction":[{"@type":"SearchAction","target":{"@type":"EntryPoint","urlTemplate":"https:\/\/lightriseinstallations.es\/?s={search_term_string}"},"query-input":{"@type":"PropertyValueSpecification","valueRequired":true,"valueName":"search_term_string"}}],"inLanguage":"en-US"}]}},"_hostinger_reach_plugin_has_subscription_block":false,"_hostinger_reach_plugin_is_elementor":false,"_links":{"self":[{"href":"https:\/\/lightriseinstallations.es\/en\/wp-json\/wp\/v2\/pages\/245","targetHints":{"allow":["GET"]}}],"collection":[{"href":"https:\/\/lightriseinstallations.es\/en\/wp-json\/wp\/v2\/pages"}],"about":[{"href":"https:\/\/lightriseinstallations.es\/en\/wp-json\/wp\/v2\/types\/page"}],"author":[{"embeddable":true,"href":"https:\/\/lightriseinstallations.es\/en\/wp-json\/wp\/v2\/users\/1"}],"replies":[{"embeddable":true,"href":"https:\/\/lightriseinstallations.es\/en\/wp-json\/wp\/v2\/comments?post=245"}],"version-history":[{"count":10,"href":"https:\/\/lightriseinstallations.es\/en\/wp-json\/wp\/v2\/pages\/245\/revisions"}],"predecessor-version":[{"id":377,"href":"https:\/\/lightriseinstallations.es\/en\/wp-json\/wp\/v2\/pages\/245\/revisions\/377"}],"wp:attachment":[{"href":"https:\/\/lightriseinstallations.es\/en\/wp-json\/wp\/v2\/media?parent=245"}],"curies":[{"name":"wp","href":"https:\/\/api.w.org\/{rel}","templated":true}]}}