{"id":244,"date":"2026-01-27T06:04:04","date_gmt":"2026-01-27T06:04:04","guid":{"rendered":"https:\/\/lightriseinstallations.es\/proyectos\/"},"modified":"2026-04-27T07:33:42","modified_gmt":"2026-04-27T07:33:42","slug":"proyectos","status":"publish","type":"page","link":"https:\/\/lightriseinstallations.es\/en\/proyectos\/","title":{"rendered":"Projects"},"content":{"rendered":"<p><div class=\"fusion-fullwidth fullwidth-box fusion-builder-row-1 fusion-flex-container has-pattern-background has-mask-background nonhundred-percent-fullwidth non-hundred-percent-height-scrolling\" style=\"--awb-border-radius-top-left:0px;--awb-border-radius-top-right:0px;--awb-border-radius-bottom-right:0px;--awb-border-radius-bottom-left:0px;--awb-flex-wrap:wrap;\" ><div class=\"fusion-builder-row fusion-row fusion-flex-align-items-flex-start fusion-flex-content-wrap\" style=\"max-width:1352px;margin-left: calc(-4% \/ 2 );margin-right: calc(-4% \/ 2 );\"><div class=\"fusion-layout-column fusion_builder_column fusion-builder-column-0 fusion_builder_column_1_1 1_1 fusion-flex-column\" style=\"--awb-bg-size:cover;--awb-width-large:100%;--awb-margin-top-large:0px;--awb-spacing-right-large:1.92%;--awb-margin-bottom-large:20px;--awb-spacing-left-large:1.92%;--awb-width-medium:100%;--awb-order-medium:0;--awb-spacing-right-medium:1.92%;--awb-spacing-left-medium:1.92%;--awb-width-small:100%;--awb-order-small:0;--awb-spacing-right-small:1.92%;--awb-spacing-left-small:1.92%;\"><div class=\"fusion-column-wrapper fusion-column-has-shadow fusion-flex-justify-content-flex-start fusion-content-layout-column\"><div class=\"fusion-title title fusion-title-1 fusion-sep-none fusion-title-text fusion-title-size-one\" style=\"--awb-text-color:var(--awb-color5);\"><h1 class=\"fusion-title-heading title-heading-left\" style=\"margin:0;\"><b><\/p>\n<p> Projects<\/p>\n<p>\t<\/b><\/h1><\/div><\/div><\/div><\/div><\/div><div class=\"fusion-fullwidth fullwidth-box fusion-builder-row-2 fusion-flex-container has-pattern-background has-mask-background nonhundred-percent-fullwidth non-hundred-percent-height-scrolling\" style=\"--awb-border-radius-top-left:0px;--awb-border-radius-top-right:0px;--awb-border-radius-bottom-right:0px;--awb-border-radius-bottom-left:0px;--awb-flex-wrap:wrap;\" ><div class=\"fusion-builder-row fusion-row fusion-flex-align-items-flex-start fusion-flex-content-wrap\" style=\"max-width:1352px;margin-left: calc(-4% \/ 2 );margin-right: calc(-4% \/ 2 );\"><div class=\"fusion-layout-column fusion_builder_column fusion-builder-column-1 fusion_builder_column_1_1 1_1 fusion-flex-column\" style=\"--awb-bg-size:cover;--awb-width-large:100%;--awb-margin-top-large:0px;--awb-spacing-right-large:1.92%;--awb-margin-bottom-large:20px;--awb-spacing-left-large:1.92%;--awb-width-medium:100%;--awb-order-medium:0;--awb-spacing-right-medium:1.92%;--awb-spacing-left-medium:1.92%;--awb-width-small:100%;--awb-order-small:0;--awb-spacing-right-small:1.92%;--awb-spacing-left-small:1.92%;\"><div class=\"fusion-column-wrapper fusion-column-has-shadow fusion-flex-justify-content-flex-start fusion-content-layout-column\"><div class=\"fusion-post-cards fusion-post-cards-1 awb-carousel awb-swiper awb-swiper-carousel awb-swiper-dots-position-bottom\" style=\"--awb-arrow-size:25px;--awb-arrow-bgcolor:#a49590;--awb-arrow-color:var(--awb-color2);--awb-arrow-border-radius-top-left:30px;--awb-arrow-border-radius-top-right:30px;--awb-arrow-border-radius-bottom-right:30px;--awb-arrow-border-radius-bottom-left:30px;--awb-column-spacing:10px;--awb-dots-align:center;--awb-columns:3;--awb-active-filter-border-size:3px;--awb-filters-height:36px;\" data-autoplay=\"no\" data-autoplayspeed=\"2500\" data-autoplaypause=\"no\" data-loop=\"yes\" data-columns=\"3\" data-columnsmedium=\"0\" data-columnssmall=\"0\" data-itemmargin=\"10\" data-itemwidth=\"180\" data-touchscroll=\"drag_wheel\" data-freemode=\"no\" data-imagesize=\"auto\" data-scrollitems=\"1\" data-mousepointer=\"default\" data-layout=\"carousel\" data-centeredslides=\"no\" data-shadow=\"no\" data-speed=\"500\" data-rotationangle=\"50\" data-depth=\"100\"><div class=\"swiper-wrapper fusion-flex-align-items-flex-start\"><div class=\"fusion_builder_column fusion-builder-column-2 fusion-flex-column post-card swiper-slide\" style=\"--awb-bg-color:rgba(255,255,255,0);--awb-bg-color-hover:rgba(255,255,255,0);--awb-bg-blend:overlay;--awb-bg-size:cover;--awb-border-color:var(--awb-color5);--awb-border-top:2PX;--awb-border-right:2PX;--awb-border-bottom:2PX;--awb-border-left:2PX;--awb-border-style:solid;--awb-flex-grow:0;--awb-flex-shrink:0;--awb-flex-grow-medium:0;--awb-flex-shrink-medium:0;--awb-flex-grow-small:0;--awb-flex-shrink-small:0;\" data-scroll-devices=\"small-visibility,medium-visibility,large-visibility\"><div class=\"fusion-column-wrapper fusion-column-has-shadow fusion-flex-justify-content-flex-start fusion-content-layout-column fusion-carousel-item-wrapper\"><div class=\"fusion-classic-product-image-wrapper fusion-woo-product-image fusion-post-card-image fusion-post-card-image-1 has-aspect-ratio\" data-layout=\"static\" style=\"--awb-aspect-ratio:1.4285714285714;\"><div  class=\"fusion-image-wrapper\" aria-haspopup=\"true\">\n\t\t\t\t\t\t\t<a href=\"https:\/\/lightriseinstallations.es\/en\/proyectos-lightriseinstallations\/outdoor-and-indoor-lighting-installation\/\" aria-label=\"Portals Nous\">\n\t\t\t\t\t\t\t<img decoding=\"async\" width=\"2560\" height=\"1570\" src=\"https:\/\/lightriseinstallations.es\/wp-content\/uploads\/2026\/01\/franciscogarvi.com_FGT1717-scaled.jpg\" class=\"attachment-full size-full wp-post-image\" alt=\"\" srcset=\"https:\/\/lightriseinstallations.es\/wp-content\/uploads\/2026\/01\/franciscogarvi.com_FGT1717-200x123.jpg 200w, https:\/\/lightriseinstallations.es\/wp-content\/uploads\/2026\/01\/franciscogarvi.com_FGT1717-400x245.jpg 400w, https:\/\/lightriseinstallations.es\/wp-content\/uploads\/2026\/01\/franciscogarvi.com_FGT1717-600x368.jpg 600w, https:\/\/lightriseinstallations.es\/wp-content\/uploads\/2026\/01\/franciscogarvi.com_FGT1717-800x491.jpg 800w, https:\/\/lightriseinstallations.es\/wp-content\/uploads\/2026\/01\/franciscogarvi.com_FGT1717-1200x736.jpg 1200w, https:\/\/lightriseinstallations.es\/wp-content\/uploads\/2026\/01\/franciscogarvi.com_FGT1717-scaled.jpg 2560w\" sizes=\"(min-width: 2200px) 100vw, (min-width: 784px) 427px, (min-width: 712px) 640px, (min-width: 640px) 712px, \" \/>\t\t\t<\/a>\n\t\t\t\t\t\t\t<\/div>\n<\/div><div class=\"fusion-text fusion-text-1\" style=\"--awb-content-alignment:left;--awb-font-size:25px;--awb-line-height:1.7;--awb-letter-spacing:0px;--awb-text-transform:var(--awb-typography2-text-transform);--awb-margin-top:20px;--awb-margin-left:20px;\"><p>Mallorca<\/p>\n<\/div><div class=\"fusion-separator fusion-full-width-sep\" style=\"align-self: center;margin-left: auto;margin-right: auto;margin-top:10px;margin-bottom:10px;width:100%;max-width:100%;\"><div class=\"fusion-separator-border sep-single sep-solid\" style=\"--awb-height:20px;--awb-amount:20px;--awb-sep-color:var(--awb-color4);border-color:var(--awb-color4);border-top-width:2px;\"><\/div><\/div><div class=\"fusion-title title fusion-title-2 fusion-sep-none fusion-title-text fusion-title-size-four\" style=\"--awb-text-color:#161616;--awb-margin-top:24px;--awb-margin-bottom:20px;--awb-margin-left:20px;--awb-margin-top-small:20px;--awb-margin-bottom-small:6px;--awb-link-hover-color:#d76728;--awb-font-size:32px;\"><h4 class=\"fusion-title-heading title-heading-left\" style=\"margin:0;letter-spacing:-0.012em;text-transform:var(--awb-typography1-text-transform);font-size:1em;line-height:1.2;\"><a href=\"https:\/\/lightriseinstallations.es\/en\/proyectos-lightriseinstallations\/outdoor-and-indoor-lighting-installation\/\" class=\"awb-custom-text-color awb-custom-text-hover-color\" target=\"_self\">Portals Nous<\/a><\/h4><\/div><div class=\"fusion-text fusion-text-2\" style=\"--awb-content-alignment:left;--awb-font-size:20px;--awb-margin-left:20px;\"><p>Outdoor and indoor lighting installation.<\/p>\n<\/div><\/div><\/div>\n<div class=\"fusion_builder_column fusion-builder-column-3 fusion-flex-column post-card swiper-slide\" style=\"--awb-bg-color:rgba(255,255,255,0);--awb-bg-color-hover:rgba(255,255,255,0);--awb-bg-blend:overlay;--awb-bg-size:cover;--awb-border-color:var(--awb-color5);--awb-border-top:2PX;--awb-border-right:2PX;--awb-border-bottom:2PX;--awb-border-left:2PX;--awb-border-style:solid;--awb-flex-grow:0;--awb-flex-shrink:0;--awb-flex-grow-medium:0;--awb-flex-shrink-medium:0;--awb-flex-grow-small:0;--awb-flex-shrink-small:0;\" data-scroll-devices=\"small-visibility,medium-visibility,large-visibility\"><div class=\"fusion-column-wrapper fusion-column-has-shadow fusion-flex-justify-content-flex-start fusion-content-layout-column fusion-carousel-item-wrapper\"><div class=\"fusion-classic-product-image-wrapper fusion-woo-product-image fusion-post-card-image fusion-post-card-image-1 has-aspect-ratio\" data-layout=\"static\" style=\"--awb-aspect-ratio:1.4285714285714;\"><div  class=\"fusion-image-wrapper\" aria-haspopup=\"true\">\n\t\t\t\t\t\t\t<a href=\"https:\/\/lightriseinstallations.es\/en\/proyectos-lightriseinstallations\/algaida-vivienda-residencial\/\" aria-label=\"Algaida\">\n\t\t\t\t\t\t\t<img decoding=\"async\" width=\"2560\" height=\"1835\" src=\"https:\/\/lightriseinstallations.es\/wp-content\/uploads\/2026\/01\/franciscogarvi.com_FGT3219-scaled.jpg\" class=\"attachment-full size-full wp-post-image\" alt=\"\" srcset=\"https:\/\/lightriseinstallations.es\/wp-content\/uploads\/2026\/01\/franciscogarvi.com_FGT3219-200x143.jpg 200w, https:\/\/lightriseinstallations.es\/wp-content\/uploads\/2026\/01\/franciscogarvi.com_FGT3219-400x287.jpg 400w, https:\/\/lightriseinstallations.es\/wp-content\/uploads\/2026\/01\/franciscogarvi.com_FGT3219-600x430.jpg 600w, https:\/\/lightriseinstallations.es\/wp-content\/uploads\/2026\/01\/franciscogarvi.com_FGT3219-800x573.jpg 800w, https:\/\/lightriseinstallations.es\/wp-content\/uploads\/2026\/01\/franciscogarvi.com_FGT3219-1200x860.jpg 1200w, https:\/\/lightriseinstallations.es\/wp-content\/uploads\/2026\/01\/franciscogarvi.com_FGT3219-scaled.jpg 2560w\" sizes=\"(min-width: 2200px) 100vw, (min-width: 784px) 427px, (min-width: 712px) 640px, (min-width: 640px) 712px, \" \/>\t\t\t<\/a>\n\t\t\t\t\t\t\t<\/div>\n<\/div><div class=\"fusion-text fusion-text-3\" style=\"--awb-content-alignment:left;--awb-font-size:25px;--awb-line-height:1.7;--awb-letter-spacing:0px;--awb-text-transform:var(--awb-typography2-text-transform);--awb-margin-top:20px;--awb-margin-left:20px;\"><p>Mallorca<\/p>\n<\/div><div class=\"fusion-separator fusion-full-width-sep\" style=\"align-self: center;margin-left: auto;margin-right: auto;margin-top:10px;margin-bottom:10px;width:100%;max-width:100%;\"><div class=\"fusion-separator-border sep-single sep-solid\" style=\"--awb-height:20px;--awb-amount:20px;--awb-sep-color:var(--awb-color4);border-color:var(--awb-color4);border-top-width:2px;\"><\/div><\/div><div class=\"fusion-title title fusion-title-3 fusion-sep-none fusion-title-text fusion-title-size-four\" style=\"--awb-text-color:#161616;--awb-margin-top:24px;--awb-margin-bottom:20px;--awb-margin-left:20px;--awb-margin-top-small:20px;--awb-margin-bottom-small:6px;--awb-link-hover-color:#d76728;--awb-font-size:32px;\"><h4 class=\"fusion-title-heading title-heading-left\" style=\"margin:0;letter-spacing:-0.012em;text-transform:var(--awb-typography1-text-transform);font-size:1em;line-height:1.2;\"><a href=\"https:\/\/lightriseinstallations.es\/en\/proyectos-lightriseinstallations\/algaida-vivienda-residencial\/\" class=\"awb-custom-text-color awb-custom-text-hover-color\" target=\"_self\">Algaida<\/a><\/h4><\/div><div class=\"fusion-text fusion-text-4\" style=\"--awb-content-alignment:left;--awb-font-size:20px;--awb-margin-left:20px;\"><p>Interior lighting installation in residency.<\/p>\n<\/div><\/div><\/div>\n<div class=\"fusion_builder_column fusion-builder-column-4 fusion-flex-column post-card swiper-slide\" style=\"--awb-bg-color:rgba(255,255,255,0);--awb-bg-color-hover:rgba(255,255,255,0);--awb-bg-blend:overlay;--awb-bg-size:cover;--awb-border-color:var(--awb-color5);--awb-border-top:2PX;--awb-border-right:2PX;--awb-border-bottom:2PX;--awb-border-left:2PX;--awb-border-style:solid;--awb-flex-grow:0;--awb-flex-shrink:0;--awb-flex-grow-medium:0;--awb-flex-shrink-medium:0;--awb-flex-grow-small:0;--awb-flex-shrink-small:0;\" data-scroll-devices=\"small-visibility,medium-visibility,large-visibility\"><div class=\"fusion-column-wrapper fusion-column-has-shadow fusion-flex-justify-content-flex-start fusion-content-layout-column fusion-carousel-item-wrapper\"><div class=\"fusion-classic-product-image-wrapper fusion-woo-product-image fusion-post-card-image fusion-post-card-image-1 has-aspect-ratio\" data-layout=\"static\" style=\"--awb-aspect-ratio:1.4285714285714;\"><div  class=\"fusion-image-wrapper\" aria-haspopup=\"true\">\n\t\t\t\t\t\t\t<a href=\"https:\/\/lightriseinstallations.es\/en\/proyectos-lightriseinstallations\/son-crespi\/\" aria-label=\"Son Cresp\u00ed\">\n\t\t\t\t\t\t\t<img decoding=\"async\" width=\"2560\" height=\"1707\" src=\"https:\/\/lightriseinstallations.es\/wp-content\/uploads\/2026\/01\/DSC02692-scaled.jpg\" class=\"attachment-full size-full wp-post-image\" alt=\"\" srcset=\"https:\/\/lightriseinstallations.es\/wp-content\/uploads\/2026\/01\/DSC02692-200x133.jpg 200w, https:\/\/lightriseinstallations.es\/wp-content\/uploads\/2026\/01\/DSC02692-400x267.jpg 400w, https:\/\/lightriseinstallations.es\/wp-content\/uploads\/2026\/01\/DSC02692-600x400.jpg 600w, https:\/\/lightriseinstallations.es\/wp-content\/uploads\/2026\/01\/DSC02692-800x533.jpg 800w, https:\/\/lightriseinstallations.es\/wp-content\/uploads\/2026\/01\/DSC02692-1200x800.jpg 1200w, https:\/\/lightriseinstallations.es\/wp-content\/uploads\/2026\/01\/DSC02692-scaled.jpg 2560w\" sizes=\"(min-width: 2200px) 100vw, (min-width: 784px) 427px, (min-width: 712px) 640px, (min-width: 640px) 712px, \" \/>\t\t\t<\/a>\n\t\t\t\t\t\t\t<\/div>\n<\/div><div class=\"fusion-text fusion-text-5\" style=\"--awb-content-alignment:left;--awb-font-size:25px;--awb-line-height:1.7;--awb-letter-spacing:0px;--awb-text-transform:var(--awb-typography2-text-transform);--awb-margin-top:20px;--awb-margin-left:20px;\"><p>Mallorca<\/p>\n<\/div><div class=\"fusion-separator fusion-full-width-sep\" style=\"align-self: center;margin-left: auto;margin-right: auto;margin-top:10px;margin-bottom:10px;width:100%;max-width:100%;\"><div class=\"fusion-separator-border sep-single sep-solid\" style=\"--awb-height:20px;--awb-amount:20px;--awb-sep-color:var(--awb-color4);border-color:var(--awb-color4);border-top-width:2px;\"><\/div><\/div><div class=\"fusion-title title fusion-title-4 fusion-sep-none fusion-title-text fusion-title-size-four\" style=\"--awb-text-color:#161616;--awb-margin-top:24px;--awb-margin-bottom:20px;--awb-margin-left:20px;--awb-margin-top-small:20px;--awb-margin-bottom-small:6px;--awb-link-hover-color:#d76728;--awb-font-size:32px;\"><h4 class=\"fusion-title-heading title-heading-left\" style=\"margin:0;letter-spacing:-0.012em;text-transform:var(--awb-typography1-text-transform);font-size:1em;line-height:1.2;\"><a href=\"https:\/\/lightriseinstallations.es\/en\/proyectos-lightriseinstallations\/son-crespi\/\" class=\"awb-custom-text-color awb-custom-text-hover-color\" target=\"_self\">Son Cresp\u00ed<\/a><\/h4><\/div><div class=\"fusion-text fusion-text-6\" style=\"--awb-content-alignment:left;--awb-font-size:20px;--awb-margin-left:20px;\"><p>Lighting installation with cinema.<\/p>\n<\/div><\/div><\/div>\n<div class=\"fusion_builder_column fusion-builder-column-5 fusion-flex-column post-card swiper-slide\" style=\"--awb-bg-color:rgba(255,255,255,0);--awb-bg-color-hover:rgba(255,255,255,0);--awb-bg-blend:overlay;--awb-bg-size:cover;--awb-border-color:var(--awb-color5);--awb-border-top:2PX;--awb-border-right:2PX;--awb-border-bottom:2PX;--awb-border-left:2PX;--awb-border-style:solid;--awb-flex-grow:0;--awb-flex-shrink:0;--awb-flex-grow-medium:0;--awb-flex-shrink-medium:0;--awb-flex-grow-small:0;--awb-flex-shrink-small:0;\" data-scroll-devices=\"small-visibility,medium-visibility,large-visibility\"><div class=\"fusion-column-wrapper fusion-column-has-shadow fusion-flex-justify-content-flex-start fusion-content-layout-column fusion-carousel-item-wrapper\"><div class=\"fusion-classic-product-image-wrapper fusion-woo-product-image fusion-post-card-image fusion-post-card-image-1 has-aspect-ratio\" data-layout=\"static\" style=\"--awb-aspect-ratio:1.4285714285714;\"><div  class=\"fusion-image-wrapper\" aria-haspopup=\"true\">\n\t\t\t\t\t\t\t<a href=\"https:\/\/lightriseinstallations.es\/en\/proyectos-lightriseinstallations\/marivent\/\" aria-label=\"Marivent\">\n\t\t\t\t\t\t\t<img decoding=\"async\" width=\"2560\" height=\"1707\" src=\"https:\/\/lightriseinstallations.es\/wp-content\/uploads\/2026\/01\/DSC05919-scaled.jpg\" class=\"attachment-full size-full wp-post-image\" alt=\"\" srcset=\"https:\/\/lightriseinstallations.es\/wp-content\/uploads\/2026\/01\/DSC05919-200x133.jpg 200w, https:\/\/lightriseinstallations.es\/wp-content\/uploads\/2026\/01\/DSC05919-400x267.jpg 400w, https:\/\/lightriseinstallations.es\/wp-content\/uploads\/2026\/01\/DSC05919-600x400.jpg 600w, https:\/\/lightriseinstallations.es\/wp-content\/uploads\/2026\/01\/DSC05919-800x533.jpg 800w, https:\/\/lightriseinstallations.es\/wp-content\/uploads\/2026\/01\/DSC05919-1200x800.jpg 1200w, https:\/\/lightriseinstallations.es\/wp-content\/uploads\/2026\/01\/DSC05919-scaled.jpg 2560w\" sizes=\"(min-width: 2200px) 100vw, (min-width: 784px) 427px, (min-width: 712px) 640px, (min-width: 640px) 712px, \" \/>\t\t\t<\/a>\n\t\t\t\t\t\t\t<\/div>\n<\/div><div class=\"fusion-text fusion-text-7\" style=\"--awb-content-alignment:left;--awb-font-size:25px;--awb-line-height:1.7;--awb-letter-spacing:0px;--awb-text-transform:var(--awb-typography2-text-transform);--awb-margin-top:20px;--awb-margin-left:20px;\"><p>Mallorca<\/p>\n<\/div><div class=\"fusion-separator fusion-full-width-sep\" style=\"align-self: center;margin-left: auto;margin-right: auto;margin-top:10px;margin-bottom:10px;width:100%;max-width:100%;\"><div class=\"fusion-separator-border sep-single sep-solid\" style=\"--awb-height:20px;--awb-amount:20px;--awb-sep-color:var(--awb-color4);border-color:var(--awb-color4);border-top-width:2px;\"><\/div><\/div><div class=\"fusion-title title fusion-title-5 fusion-sep-none fusion-title-text fusion-title-size-four\" style=\"--awb-text-color:#161616;--awb-margin-top:24px;--awb-margin-bottom:20px;--awb-margin-left:20px;--awb-margin-top-small:20px;--awb-margin-bottom-small:6px;--awb-link-hover-color:#d76728;--awb-font-size:32px;\"><h4 class=\"fusion-title-heading title-heading-left\" style=\"margin:0;letter-spacing:-0.012em;text-transform:var(--awb-typography1-text-transform);font-size:1em;line-height:1.2;\"><a href=\"https:\/\/lightriseinstallations.es\/en\/proyectos-lightriseinstallations\/marivent\/\" class=\"awb-custom-text-color awb-custom-text-hover-color\" target=\"_self\">Marivent<\/a><\/h4><\/div><div class=\"fusion-text fusion-text-8\" style=\"--awb-content-alignment:left;--awb-font-size:20px;--awb-margin-left:20px;\"><p>Indoor & outdoor lighting<\/p>\n<\/div><\/div><\/div>\n<\/div><div class=\"awb-swiper-button awb-swiper-button-prev\"><i class=\"fa-angle-left fas\" aria-hidden=\"true\"><\/i><\/div><div class=\"awb-swiper-button awb-swiper-button-next\"><i class=\"fa-angle-right fas\" aria-hidden=\"true\"><\/i><\/div><\/div><\/div><\/div><\/div><\/div><\/p>\n","protected":false},"excerpt":{"rendered":"","protected":false},"author":1,"featured_media":0,"parent":0,"menu_order":0,"comment_status":"closed","ping_status":"closed","template":"100-width.php","meta":{"_acf_changed":false,"footnotes":""},"class_list":["post-244","page","type-page","status-publish","hentry"],"acf":[],"yoast_head":"<!-- This site is optimized with the Yoast SEO plugin v27.4 - https:\/\/yoast.com\/product\/yoast-seo-wordpress\/ -->\n<title>Projects - LightRise Installations | Iluminaci\u00f3n, Dom\u00f3tica y Sonido<\/title>\n<meta name=\"robots\" content=\"index, follow, max-snippet:-1, max-image-preview:large, max-video-preview:-1\" \/>\n<link rel=\"canonical\" href=\"https:\/\/lightriseinstallations.es\/en\/proyectos\/\" \/>\n<meta property=\"og:locale\" content=\"en_US\" \/>\n<meta property=\"og:type\" content=\"article\" \/>\n<meta property=\"og:title\" content=\"Projects - LightRise Installations | Iluminaci\u00f3n, Dom\u00f3tica y Sonido\" \/>\n<meta property=\"og:url\" content=\"https:\/\/lightriseinstallations.es\/en\/proyectos\/\" \/>\n<meta property=\"og:site_name\" content=\"LightRise Installations | Iluminaci\u00f3n, Dom\u00f3tica y Sonido\" \/>\n<meta property=\"article:modified_time\" content=\"2026-04-27T07:33:42+00:00\" \/>\n<meta name=\"twitter:card\" content=\"summary_large_image\" \/>\n<meta name=\"twitter:label1\" content=\"Est. reading time\" \/>\n\t<meta name=\"twitter:data1\" content=\"7 minutes\" \/>\n<script type=\"application\/ld+json\" class=\"yoast-schema-graph\">{\"@context\":\"https:\\\/\\\/schema.org\",\"@graph\":[{\"@type\":\"WebPage\",\"@id\":\"https:\\\/\\\/lightriseinstallations.es\\\/en\\\/proyectos\\\/\",\"url\":\"https:\\\/\\\/lightriseinstallations.es\\\/en\\\/proyectos\\\/\",\"name\":\"Projects - LightRise Installations | Iluminaci\u00f3n, Dom\u00f3tica y Sonido\",\"isPartOf\":{\"@id\":\"https:\\\/\\\/lightriseinstallations.es\\\/#website\"},\"datePublished\":\"2026-01-27T06:04:04+00:00\",\"dateModified\":\"2026-04-27T07:33:42+00:00\",\"breadcrumb\":{\"@id\":\"https:\\\/\\\/lightriseinstallations.es\\\/en\\\/proyectos\\\/#breadcrumb\"},\"inLanguage\":\"en-US\",\"potentialAction\":[{\"@type\":\"ReadAction\",\"target\":[\"https:\\\/\\\/lightriseinstallations.es\\\/en\\\/proyectos\\\/\"]}]},{\"@type\":\"BreadcrumbList\",\"@id\":\"https:\\\/\\\/lightriseinstallations.es\\\/en\\\/proyectos\\\/#breadcrumb\",\"itemListElement\":[{\"@type\":\"ListItem\",\"position\":1,\"name\":\"Portada\",\"item\":\"https:\\\/\\\/lightriseinstallations.es\\\/\"},{\"@type\":\"ListItem\",\"position\":2,\"name\":\"Projects\"}]},{\"@type\":\"WebSite\",\"@id\":\"https:\\\/\\\/lightriseinstallations.es\\\/#website\",\"url\":\"https:\\\/\\\/lightriseinstallations.es\\\/\",\"name\":\"LightRise Installations | Iluminaci\u00f3n, Dom\u00f3tica y Sonido\",\"description\":\"Especialistas en instalaci\u00f3n de iluminaci\u00f3n profesional, dom\u00f3tica KNX y sistemas de sonido para viviendas, hoteles, comercios y proyectos arquitect\u00f3nicos.\",\"potentialAction\":[{\"@type\":\"SearchAction\",\"target\":{\"@type\":\"EntryPoint\",\"urlTemplate\":\"https:\\\/\\\/lightriseinstallations.es\\\/?s={search_term_string}\"},\"query-input\":{\"@type\":\"PropertyValueSpecification\",\"valueRequired\":true,\"valueName\":\"search_term_string\"}}],\"inLanguage\":\"en-US\"}]}<\/script>\n<!-- \/ Yoast SEO plugin. -->","yoast_head_json":{"title":"Projects - LightRise Installations | Iluminaci\u00f3n, Dom\u00f3tica y Sonido","robots":{"index":"index","follow":"follow","max-snippet":"max-snippet:-1","max-image-preview":"max-image-preview:large","max-video-preview":"max-video-preview:-1"},"canonical":"https:\/\/lightriseinstallations.es\/en\/proyectos\/","og_locale":"en_US","og_type":"article","og_title":"Projects - LightRise Installations | Iluminaci\u00f3n, Dom\u00f3tica y Sonido","og_url":"https:\/\/lightriseinstallations.es\/en\/proyectos\/","og_site_name":"LightRise Installations | Iluminaci\u00f3n, Dom\u00f3tica y Sonido","article_modified_time":"2026-04-27T07:33:42+00:00","twitter_card":"summary_large_image","twitter_misc":{"Est. reading time":"7 minutes"},"schema":{"@context":"https:\/\/schema.org","@graph":[{"@type":"WebPage","@id":"https:\/\/lightriseinstallations.es\/en\/proyectos\/","url":"https:\/\/lightriseinstallations.es\/en\/proyectos\/","name":"Projects - LightRise Installations | Iluminaci\u00f3n, Dom\u00f3tica y Sonido","isPartOf":{"@id":"https:\/\/lightriseinstallations.es\/#website"},"datePublished":"2026-01-27T06:04:04+00:00","dateModified":"2026-04-27T07:33:42+00:00","breadcrumb":{"@id":"https:\/\/lightriseinstallations.es\/en\/proyectos\/#breadcrumb"},"inLanguage":"en-US","potentialAction":[{"@type":"ReadAction","target":["https:\/\/lightriseinstallations.es\/en\/proyectos\/"]}]},{"@type":"BreadcrumbList","@id":"https:\/\/lightriseinstallations.es\/en\/proyectos\/#breadcrumb","itemListElement":[{"@type":"ListItem","position":1,"name":"Portada","item":"https:\/\/lightriseinstallations.es\/"},{"@type":"ListItem","position":2,"name":"Projects"}]},{"@type":"WebSite","@id":"https:\/\/lightriseinstallations.es\/#website","url":"https:\/\/lightriseinstallations.es\/","name":"LightRise Installations | Iluminaci\u00f3n, Dom\u00f3tica y Sonido","description":"Especialistas en instalaci\u00f3n de iluminaci\u00f3n profesional, dom\u00f3tica KNX y sistemas de sonido para viviendas, hoteles, comercios y proyectos arquitect\u00f3nicos.","potentialAction":[{"@type":"SearchAction","target":{"@type":"EntryPoint","urlTemplate":"https:\/\/lightriseinstallations.es\/?s={search_term_string}"},"query-input":{"@type":"PropertyValueSpecification","valueRequired":true,"valueName":"search_term_string"}}],"inLanguage":"en-US"}]}},"_hostinger_reach_plugin_has_subscription_block":false,"_hostinger_reach_plugin_is_elementor":false,"_links":{"self":[{"href":"https:\/\/lightriseinstallations.es\/en\/wp-json\/wp\/v2\/pages\/244","targetHints":{"allow":["GET"]}}],"collection":[{"href":"https:\/\/lightriseinstallations.es\/en\/wp-json\/wp\/v2\/pages"}],"about":[{"href":"https:\/\/lightriseinstallations.es\/en\/wp-json\/wp\/v2\/types\/page"}],"author":[{"embeddable":true,"href":"https:\/\/lightriseinstallations.es\/en\/wp-json\/wp\/v2\/users\/1"}],"replies":[{"embeddable":true,"href":"https:\/\/lightriseinstallations.es\/en\/wp-json\/wp\/v2\/comments?post=244"}],"version-history":[{"count":3,"href":"https:\/\/lightriseinstallations.es\/en\/wp-json\/wp\/v2\/pages\/244\/revisions"}],"predecessor-version":[{"id":459,"href":"https:\/\/lightriseinstallations.es\/en\/wp-json\/wp\/v2\/pages\/244\/revisions\/459"}],"wp:attachment":[{"href":"https:\/\/lightriseinstallations.es\/en\/wp-json\/wp\/v2\/media?parent=244"}],"curies":[{"name":"wp","href":"https:\/\/api.w.org\/{rel}","templated":true}]}}